{"id":607,"date":"2022-02-15T19:13:13","date_gmt":"2022-02-15T16:13:13","guid":{"rendered":"https:\/\/gemek.net\/?page_id=607"},"modified":"2022-02-18T12:17:12","modified_gmt":"2022-02-18T09:17:12","slug":"teknik-ofis","status":"publish","type":"page","link":"https:\/\/gemek.net\/index.php\/teknik-ofis\/","title":{"rendered":"TEKN\u0130K OF\u0130S"},"content":{"rendered":"\t\t<div data-elementor-type=\"wp-page\" data-elementor-id=\"607\" class=\"elementor elementor-607\" data-elementor-settings=\"[]\">\n\t\t\t\t\t\t\t<div class=\"elementor-section-wrap\">\n\t\t\t\t\t\t\t<section data-particle_enable=\"false\" data-particle-mobile-disabled=\"false\" class=\"elementor-section elementor-top-section elementor-element elementor-element-fe6843b elementor-section-boxed elementor-section-height-default elementor-section-height-default\" data-id=\"fe6843b\" data-element_type=\"section\">\n\t\t\t\t\t\t<div class=\"elementor-container elementor-column-gap-default\">\n\t\t\t\t\t<div class=\"elementor-column elementor-col-100 elementor-top-column elementor-element elementor-element-a5ea2a3\" data-id=\"a5ea2a3\" data-element_type=\"column\">\n\t\t\t<div class=\"elementor-widget-wrap elementor-element-populated\">\n\t\t\t\t\t\t\t\t<div class=\"elementor-element elementor-element-17b6b49 elementor-widget elementor-widget-heading\" data-id=\"17b6b49\" data-element_type=\"widget\" data-widget_type=\"heading.default\">\n\t\t\t\t<div class=\"elementor-widget-container\">\n\t\t\t<h2 class=\"elementor-heading-title elementor-size-large\">TEKN\u0130K OF\u0130S<\/h2>\t\t<\/div>\n\t\t\t\t<\/div>\n\t\t\t\t\t<\/div>\n\t\t<\/div>\n\t\t\t\t\t\t\t<\/div>\n\t\t<\/section>\n\t\t\t\t<section data-particle_enable=\"false\" data-particle-mobile-disabled=\"false\" class=\"elementor-section elementor-top-section elementor-element elementor-element-366f525 elementor-reverse-mobile elementor-section-height-min-height elementor-section-boxed elementor-section-height-default elementor-section-items-middle\" data-id=\"366f525\" data-element_type=\"section\" data-settings=\"{&quot;background_background&quot;:&quot;gradient&quot;}\">\n\t\t\t\t\t\t<div class=\"elementor-container elementor-column-gap-no\">\n\t\t\t\t\t<div class=\"elementor-column elementor-col-100 elementor-top-column elementor-element elementor-element-52d3e92\" data-id=\"52d3e92\" data-element_type=\"column\" data-settings=\"{&quot;background_background&quot;:&quot;classic&quot;}\">\n\t\t\t<div class=\"elementor-widget-wrap elementor-element-populated\">\n\t\t\t\t\t\t\t\t<div class=\"elementor-element elementor-element-8669a86 elementor-widget elementor-widget-text-editor\" data-id=\"8669a86\" data-element_type=\"widget\" data-widget_type=\"text-editor.default\">\n\t\t\t\t<div class=\"elementor-widget-container\">\n\t\t\t\t\t\t\t\t<p><strong>Projelerinizin Hakedi\u015f,metraj, maliyet hesaplar\u0131, ihale dosyas\u0131<\/strong> i\u015fleri i\u00e7in <strong>profesyonel ekibimize g\u00fcvenebilirsiniz<\/strong>..<\/p>\t\t\t\t\t\t<\/div>\n\t\t\t\t<\/div>\n\t\t\t\t\t<\/div>\n\t\t<\/div>\n\t\t\t\t\t\t\t<\/div>\n\t\t<\/section>\n\t\t\t\t<section data-particle_enable=\"false\" data-particle-mobile-disabled=\"false\" class=\"elementor-section elementor-top-section elementor-element elementor-element-15fdebce elementor-reverse-mobile elementor-section-full_width elementor-section-height-min-height elementor-section-height-default elementor-section-items-middle\" data-id=\"15fdebce\" data-element_type=\"section\" data-settings=\"{&quot;background_background&quot;:&quot;classic&quot;}\">\n\t\t\t\t\t\t<div class=\"elementor-container elementor-column-gap-default\">\n\t\t\t\t\t<div class=\"elementor-column elementor-col-25 elementor-top-column elementor-element elementor-element-8155e0f\" data-id=\"8155e0f\" data-element_type=\"column\">\n\t\t\t<div class=\"elementor-widget-wrap elementor-element-populated\">\n\t\t\t\t\t\t\t\t<div class=\"elementor-element elementor-element-225a375 elementor-widget elementor-widget-heading\" data-id=\"225a375\" data-element_type=\"widget\" data-widget_type=\"heading.default\">\n\t\t\t\t<div class=\"elementor-widget-container\">\n\t\t\t<h2 class=\"elementor-heading-title elementor-size-default\">TEKN\u0130K OF\u0130S<\/h2>\t\t<\/div>\n\t\t\t\t<\/div>\n\t\t\t\t<div class=\"elementor-element elementor-element-000d419 elementor-widget-divider--view-line elementor-widget elementor-widget-divider\" data-id=\"000d419\" data-element_type=\"widget\" data-widget_type=\"divider.default\">\n\t\t\t\t<div class=\"elementor-widget-container\">\n\t\t\t\t\t<div class=\"elementor-divider\">\n\t\t\t<span class=\"elementor-divider-separator\">\n\t\t\t\t\t\t<\/span>\n\t\t<\/div>\n\t\t\t\t<\/div>\n\t\t\t\t<\/div>\n\t\t\t\t<div class=\"elementor-element elementor-element-ce1ec93 elementor-widget__width-inherit elementor-widget elementor-widget-text-editor\" data-id=\"ce1ec93\" data-element_type=\"widget\" data-widget_type=\"text-editor.default\">\n\t\t\t\t<div class=\"elementor-widget-container\">\n\t\t\t\t\t\t\t\t<p>\u2022 Ke\u015fif ve Metraj dosyalar\u0131n\u0131n haz\u0131rlanmas\u0131,<\/p><p>\u2022 Genel ve \u00f6zel teknik \u015fartname haz\u0131rlanmas\u0131<\/p><p>\u2022 Projeye \u00f6zg\u00fc marka listelerinin haz\u0131rlanmas\u0131<\/p><p>\u2022 Hakedi\u015f dosyalar\u0131n\u0131n haz\u0131rlanmas\u0131<\/p>\t\t\t\t\t\t<\/div>\n\t\t\t\t<\/div>\n\t\t\t\t\t<\/div>\n\t\t<\/div>\n\t\t\t\t<div class=\"elementor-column elementor-col-25 elementor-top-column elementor-element elementor-element-5ff3e36\" data-id=\"5ff3e36\" data-element_type=\"column\">\n\t\t\t<div class=\"elementor-widget-wrap elementor-element-populated\">\n\t\t\t\t\t\t\t\t<div class=\"elementor-element elementor-element-4e320cf elementor-widget elementor-widget-heading\" data-id=\"4e320cf\" data-element_type=\"widget\" data-widget_type=\"heading.default\">\n\t\t\t\t<div class=\"elementor-widget-container\">\n\t\t\t<h2 class=\"elementor-heading-title elementor-size-default\">TECHNICAL OFFICE<\/h2>\t\t<\/div>\n\t\t\t\t<\/div>\n\t\t\t\t<div class=\"elementor-element elementor-element-ccb885b elementor-widget-divider--view-line elementor-widget elementor-widget-divider\" data-id=\"ccb885b\" data-element_type=\"widget\" data-widget_type=\"divider.default\">\n\t\t\t\t<div class=\"elementor-widget-container\">\n\t\t\t\t\t<div class=\"elementor-divider\">\n\t\t\t<span class=\"elementor-divider-separator\">\n\t\t\t\t\t\t<\/span>\n\t\t<\/div>\n\t\t\t\t<\/div>\n\t\t\t\t<\/div>\n\t\t\t\t<div class=\"elementor-element elementor-element-0869fd1 elementor-widget__width-inherit elementor-widget elementor-widget-text-editor\" data-id=\"0869fd1\" data-element_type=\"widget\" data-widget_type=\"text-editor.default\">\n\t\t\t\t<div class=\"elementor-widget-container\">\n\t\t\t\t\t\t\t\t<p>\u2022 <span class=\"Y2IQFc\" lang=\"en\">Preparation of Discovery and Quantity files<\/span><\/p><p>\u2022<span class=\"Y2IQFc\" lang=\"en\">Preparation of general and special technical specifications<\/span><\/p><p>\u2022<span class=\"Y2IQFc\" lang=\"en\">Preparation of project-specific brand lists<\/span><\/p><p>\u2022<span class=\"Y2IQFc\" lang=\"en\">Preparation of payroll files<\/span><\/p>\t\t\t\t\t\t<\/div>\n\t\t\t\t<\/div>\n\t\t\t\t\t<\/div>\n\t\t<\/div>\n\t\t\t\t<div class=\"elementor-column elementor-col-50 elementor-top-column elementor-element elementor-element-6ff333d6\" data-id=\"6ff333d6\" data-element_type=\"column\" data-settings=\"{&quot;background_background&quot;:&quot;classic&quot;}\">\n\t\t\t<div class=\"elementor-widget-wrap elementor-element-populated\">\n\t\t\t\t\t\t\t\t<div class=\"elementor-element elementor-element-70e7ef7 elementor-widget elementor-widget-image\" data-id=\"70e7ef7\" data-element_type=\"widget\" data-widget_type=\"image.default\">\n\t\t\t\t<div class=\"elementor-widget-container\">\n\t\t\t\t\t\t\t\t\t\t\t\t\t\t\t<img src=\"https:\/\/gemek.net\/wp-content\/uploads\/elementor\/thumbs\/hakedis-raporu-pkn3p2r9a3d8k6md7cmd1w6b2yxr2g3v9wun04xmow.jpg\" title=\"hakedis-raporu\" alt=\"hakedis-raporu\" \/>\t\t\t\t\t\t\t\t\t\t\t\t\t\t\t<\/div>\n\t\t\t\t<\/div>\n\t\t\t\t\t<\/div>\n\t\t<\/div>\n\t\t\t\t\t\t\t<\/div>\n\t\t<\/section>\n\t\t\t\t\t\t<\/div>\n\t\t\t\t\t<\/div>\n\t\t","protected":false},"excerpt":{"rendered":"<p>TEKN\u0130K OF\u0130S Projelerinizin Hakedi\u015f,metraj, maliyet hesaplar\u0131, ihale dosyas\u0131 i\u015fleri i\u00e7in profesyonel ekibimize g\u00fcvenebilirsiniz.. TEKN\u0130K OF\u0130S \u2022 Ke\u015fif ve Metraj dosyalar\u0131n\u0131n haz\u0131rlanmas\u0131, \u2022 Genel ve \u00f6zel teknik \u015fartname haz\u0131rlanmas\u0131 \u2022 Projeye \u00f6zg\u00fc marka listelerinin haz\u0131rlanmas\u0131 \u2022 Hakedi\u015f dosyalar\u0131n\u0131n haz\u0131rlanmas\u0131 TECHNICAL OFFICE \u2022 Preparation of Discovery and Quantity files \u2022Preparation of general and special technical specifications \u2022Preparation [&hellip;]<\/p>\n","protected":false},"author":1,"featured_media":0,"parent":0,"menu_order":0,"comment_status":"closed","ping_status":"closed","template":"elementor_header_footer","meta":{"om_disable_all_campaigns":false,"_monsterinsights_skip_tracking":false,"_monsterinsights_sitenote_active":false,"_monsterinsights_sitenote_note":"","_monsterinsights_sitenote_category":0},"_links":{"self":[{"href":"https:\/\/gemek.net\/index.php\/wp-json\/wp\/v2\/pages\/607"}],"collection":[{"href":"https:\/\/gemek.net\/index.php\/wp-json\/wp\/v2\/pages"}],"about":[{"href":"https:\/\/gemek.net\/index.php\/wp-json\/wp\/v2\/types\/page"}],"author":[{"embeddable":true,"href":"https:\/\/gemek.net\/index.php\/wp-json\/wp\/v2\/users\/1"}],"replies":[{"embeddable":true,"href":"https:\/\/gemek.net\/index.php\/wp-json\/wp\/v2\/comments?post=607"}],"version-history":[{"count":16,"href":"https:\/\/gemek.net\/index.php\/wp-json\/wp\/v2\/pages\/607\/revisions"}],"predecessor-version":[{"id":757,"href":"https:\/\/gemek.net\/index.php\/wp-json\/wp\/v2\/pages\/607\/revisions\/757"}],"wp:attachment":[{"href":"https:\/\/gemek.net\/index.php\/wp-json\/wp\/v2\/media?parent=607"}],"curies":[{"name":"wp","href":"https:\/\/api.w.org\/{rel}","templated":true}]}}